{"id":577,"date":"2026-04-03T10:03:03","date_gmt":"2026-04-03T10:03:03","guid":{"rendered":"https:\/\/gincredit.md\/?page_id=577"},"modified":"2026-04-08T10:46:56","modified_gmt":"2026-04-08T10:46:56","slug":"raport-audit-axioma-credit-srl","status":"publish","type":"page","link":"https:\/\/gincredit.md\/ru\/raport-audit-axioma-credit-srl\/","title":{"rendered":"Raport Audit AXIOMA CREDIT SRL"},"content":{"rendered":"<p><strong><b>RAPORTUL AUDITORULUI IND<\/b><\/strong><strong><b>EPENDENT <\/b><\/strong><strong><b>A SITUA\u021aIILOR FINANCIARE <\/b><\/strong><strong><b>O.C.N. \u201eAXIOMA CREDIT\u201d S.R.L.<\/b><\/strong><\/p>\n<p><strong><b>01.01.2024-31.12.2024<\/b><\/strong><\/p>\n<p>&nbsp;<\/p>\n<p><strong><b>Opinie <\/b><\/strong><b><\/b><strong><b>cu <\/b><\/strong><b><\/b><strong><b>rezerve<\/b><\/strong><\/p>\n<ol>\n<li>Noi am exercitat auditul Situa\u0163iilor Financiare ale O.C.N. \u201eAXIOMACREDIT\u201d S.R.L. \u00a0(IDNO 1014600016225) , care cuprind Bilan\u0163ul la data de 31 decembrie 2024, \u015fi Situa\u0163ia de Profit \u015fi Pierdere, Situa\u0163ia Modific\u0103rilor Capitalului Propriu \u015fi Situa\u0163ia Fluxurilor de Numerar aferente exerci\u0163iului \u00eencheiat la acea dat\u0103 &#8212; de la 01.01.2024 p\u00een\u0103 la 31.12.2024. Totodat\u0103 a fost auditat suplimentar \u015fi Bilan\u021bul specific pentru anul 2024 , prezentat la BNM , conform anexei nr. 1 la Hot\u0103r\u00e2rea B\u0103ncii Na\u021bionale a Moldovei nr.15\/2024, care cuprinde:<\/li>\n<\/ol>\n<p>&#8212; Detalii entitate\u00a0OCN;<\/p>\n<p>&#8212; Bilan\u021bul specific la\u00a031 decembrie\u00a02024;<\/p>\n<p>&#8212; Raportul privind veniturile \u015fi cheltuielile de\u00a0la 01.01.2024 p\u00een\u0103\u00a0la\u00a031.12.2024;<\/p>\n<p>&#8212; Raportul privind capitalul propriu de la 01.01.2024 p\u00een\u0103 la 31.12.2024;<\/p>\n<p>&#8212; Raportul privind fluxurile de numerar \u00a0de la 01.01.2024 p\u00een\u0103 la\u00a031.12.2024;<\/p>\n<p>&#8212; Raportul privind clasificarea activelor \u015fi pasivelor divizate pe sectoare\u00a0institu\u0163ionale, pe\u00a0reziden\u0163i\/nereziden\u0163i;<\/p>\n<p>&#8212; Raportul privind datele generale;<\/p>\n<p>Situa\u0163iile financiare complete pentru perioada de gestiune \u00eencheiat\u0103 la 31\u00a0decembrie\u00a02024 se identific\u0103\u00a0astfel:<\/p>\n<ul>\n<li>Active Nete\/Total Capital propriu: 5 221 650,00lei;<\/li>\n<li>Profit net al perioadei de gestiune:361 066,00lei;<\/li>\n<li>Impozit pe venit al perioadei de gestiune:52887,00 lei;<\/li>\n<\/ul>\n<ol start=\"2\">\n<li>\u00cen opinia noastr\u0103, cu excep\u021bia aspectelor expuse \u00een \u201eBaza pentru opinia cu rezerve\u201d din prezentul Raport, rapoartele financiare men\u021bionate &#8212; Situa\u0163iile Financiare ale O.C.N. \u201eAXIOMA CREDIT\u201d S.R.L. \u00a0\u0219i Bilan\u021bul specific prezentat la BNM , sub toate aspectele semnificative, ofer\u0103 o imagine corect\u0103 \u0219i fidel\u0103 cu privire la pozi\u0163ia financiar\u0103 a Entit\u0103\u021bii \u00a0la data de 31.12.2024 , precum \u015fi performan\u0163a sa financiar\u0103 \u015fi fluxurile sale de numerar aferente exerci\u0163iului \u00eencheiat la data respectiv\u0103 , \u00een conformitate cu Standardele Nationale de Contabilitate (SNC-uri) aprobate conform Ordinului Ministerului Finan\u0163elor al Republicii Moldova nr.118 \u015fi 119 din 6 august 2013, cu modific\u0103rile \u015fi complet\u0103rile ulterioare, efectuate prin Ordinul nr.194 din 30 noiembrie 2018 al Ministerului Finan\u0163elor, \u015fi cu Instruc\u021biunea cu privire la raportarea organiza\u021biilor de creditare nebancar\u0103, aprobat\u0103 prin HCE al BNM nr.15\/2024 (\u00een vigoare 01.07.2024).<\/li>\n<\/ol>\n<p>&nbsp;<\/p>\n<p><strong><b>Baz\u0103 pentru opinia cu <\/b><\/strong><b><\/b><strong><b>rezerve<\/b><\/strong><\/p>\n<p>Auditul a fost desf\u0103\u015furat \u00een conformitate cu Standardele Interna\u0163ionale de Audit (ISA), acceptate de Ministerul Finan\u0163elor al Republicii Moldova conform Ordinului nr.64 din 14.06.2012.Responsabilit\u0103\u0163ile \u00a0auditorilor, \u00a0\u00een \u00a0baza \u00a0acestor\u00a0\u00a0standarde,\u00a0\u00a0sunt\u00a0\u00a0descrise \u00a0\u00een sec\u0163iunea \u201eResponsabilit\u0103\u0163ile auditorului\u201d din acest Raport.<\/p>\n<p>Suntem independen\u021bi fa\u021b\u0103 de Companie, \u00een conformitate cu Consiliul pentru Standarde Interna\u0163ionale de Etic\u0103 pentru Contabili (Codul de Etic\u0103 IESBA) \u00a0\u015fi ne-am \u00eendeplinit responsabilit\u0103\u0163ile noastre \u00a0de \u00a0etic\u0103 \u00een \u00a0conformitate \u00a0cu \u00a0Codul \u00a0de \u00a0Etic\u0103 \u00a0IESBA conform cerin\u021belor etice \u00een conformitate cu Consiliul pentru Standarde Interna\u0163ionale \u00a0de Etic\u0103 pentru Contabili (Codul de Etic\u0103 IESBA) relevante pentru auditul situa\u021biilor financiare \u015fi ne-am \u00a0\u00eendeplinit \u00a0celelalte \u00a0responsabilit\u0103\u021bi etice, \u00a0conform\u00a0\u00a0acestor\u00a0\u00a0cerin\u021be.\u00a0\u00a0Credem\u00a0\u00a0c\u0103 probele de audit pe care le-am ob\u0163inut sunt suficiente \u015fi adecvate pentru a furniza o baz\u0103 pentru opinia cu rezerve.<\/p>\n<p>Opinia cu rezerve a fost determinat\u0103 de:<\/p>\n<p>&nbsp;<\/p>\n<p><strong><b>2.1.Stocul de imobiliz\u0103ri necorporale \u0219i c<\/b><\/strong><strong><b>orporale<\/b><\/strong><\/p>\n<p>Cu privire la sumele aferente stocului de imobilizari necorporale si corporale prezentate \u00een bilan\u021b la 31.12.2024 , probele de audit de care dispunem au fost insuficiente deoarece nu am avut posibilitatea s\u0103 observ\u0103m controalele interne aferente inventarierii stocului la 31 decembrie 2024. Datorit\u0103 acestui fapt, noi nu am putut ob\u021bine probe suficiente \u0219i adecvate privind completitudinea , existen\u021ba \u0219i valoarea stocului de imobilizari necorporale si corporale.<\/p>\n<p>&nbsp;<\/p>\n<p><strong><b>2.2.Activele circulante<\/b><\/strong><\/p>\n<p>Cu privire la sumele aferente stocurilor de active circulante prezentate \u00een bilan\u021b la 31.12.2024 , probele de audit de care dispunem\u00a0au\u00a0fost\u00a0insuficiente\u00a0deoarece\u00a0nu\u00a0am<\/p>\n<p>avut posibilitatea s\u0103 observ\u0103m controalele interne aferente inventarierii stocului la 31 decembrie 2024 .Datorit\u0103 acestui fapt, noi nu am putut ob\u021bine probe suficiente \u0219i\u00a0adecvate privind completitudinea , existen\u021ba \u0219i valoarea stocurilor de active circulante.<\/p>\n<p>&nbsp;<\/p>\n<p><strong><b>III. \u00a0\u00a0Eviden\u021bierea uno<\/b><\/strong><strong><b>r<\/b><\/strong><strong><b>\u00a0<\/b><\/strong><strong><b>aspecte<\/b><\/strong><\/p>\n<p>Evenimente \u00a0ulterioare<\/p>\n<p>Evenimente ulterioare care conduc la ajustarea situa\u021biilor financiare pe anul 2024 nu au avut loc. Opinia noastr\u0103 nu este modificat\u0103 suplimentar \u00een leg\u0103tur\u0103 cu aceste<\/p>\n<p>aspecte.<\/p>\n<p>&nbsp;<\/p>\n<p><strong><b>IV.Aspectele cheie de audit<\/b><\/strong><strong><b>\u00a0<\/b><\/strong><strong><b>(KAM)<\/b><\/strong><\/p>\n<p>Aspectele cheie de audit sunt acele aspecte care, \u00een baza ra\u021bionamentului nostru profesional, au avut cea mai mare importan\u021b\u0103 \u00een auditarea situa\u021biilor financiare ale perioadei curente. Aceste aspecte au fost abordate \u00een contextul auditului situa\u021biilor financiare \u00een ansamblu \u015fi \u00een formarea opiniei noastre asupra acestora \u015fi nu oferim o opinie separat\u0103 cu privire la aceste aspecte.<\/p>\n<p>Consider\u0103m c\u0103 nu exist\u0103 aspect cheie de audit\u00a0care\u00a0trebuie\u00a0comunicate \u00een\u00a0raportul\u00a0nostru.<\/p>\n<p>&nbsp;<\/p>\n<p><strong><b>V. Responsabilit\u0103\u021bile conducerii \u015fi ale persoanelor responsabile cu <\/b><\/strong><strong><b>guvernan\u021ba pentru situa<\/b><\/strong><strong><b>\u021biile financiare<\/b><\/strong><\/p>\n<p>5.1.Conducerea este responsabil\u0103 pentru \u00eentocmirea \u015fi prezentarea fidel\u0103 a situa\u021biilor financiare \u00een conformitate cu SNC-urile aprobate conform Ordinului Ministerului Finan\u0163elor al Republicii Moldova nr.118 \u015fi 119 din 06.08.2013, cu modific\u0103rile \u015fi\u00a0complet\u0103rile ulterioare, efectuate prin Ordinul nr.194 din 30 noiembrie 2018 al Ministerului Finan\u0163elor, \u015fi prevederilor Legii contabilit\u0103\u0163ii \u015fi raport\u0103rii financiare\u00a0nr.287 din 15.12.2017, Legii nr. 1 din 16-03-2018 cu privire la organiza\u021biile de\u00a0creditare nebancar\u0103 \u015fi a Bilan\u021bului specific pentru anul 2024, \u00een conformitate cu\u00a0Instruc\u021biunea cu privire la raportarea organiza\u021biilor de creditare nebancar\u0103, aprobat\u0103\u00a0prin HCE al BNM nr.15\/2024 (\u00een vigoare 01.07.2024)\u00a0\u015fi pentru acel\u00a0control\u00a0intern pe\u00a0care conducerea \u00eel consider\u0103 necesar pentru a permite \u00eentocmirea de situa\u0163ii\u00a0financiare\u00a0lipsite de denatur\u0103ri semnificative, cauzate fie de\u00a0fraud\u0103,\u00a0fie\u00a0de\u00a0eroare.<\/p>\n<p>5.2.\u00cen \u00eentocmirea situa\u021biilor financiare, conducerea este responsabil\u0103 pentru aprecierea capacit\u0103\u0163ii Companiei de a-\u015fi continua activitatea, prezent\u00e2nd, dac\u0103 este cazul, aspectele referitoare la continuitatea activit\u0103\u021bii \u015fi utiliz\u00e2nd contabilitatea pe baza continuit\u0103\u021bii activit\u0103\u021bii, cu excep\u021bia cazului \u00een care conducerea fie inten\u021bioneaz\u0103 s\u0103 lichideze Compania sau s\u0103 opreasc\u0103 opera\u021biunile, fie nu are nici o alt\u0103 alternativ\u0103 realist\u0103 \u00een afara acestora.<\/p>\n<p>5.3.Persoanele responsabile cu guvernan\u021ba sunt responsabile pentru supravegherea\u00a0procesului de raportare financiar\u0103 al Companiei.<\/p>\n<p>&nbsp;<\/p>\n<p><strong><b>VI. Responsabilit\u0103\u021bile auditorului \u00eentr-un audit al situa\u021biilor fina<\/b><\/strong><strong><b>nciare<\/b><\/strong><\/p>\n<p>6.1. Obiectivele noastre constau \u00een ob\u021binerea unei asigur\u0103ri rezonabile privind m\u0103sura \u00een care situa\u0163iile financiare, \u00een ansamblu, sunt lipsite de denatur\u0103ri semnificative,\u00a0cauzate fie de fraud\u0103, fie de eroare, precum \u015fi \u00een emiterea unui raport al auditorului care include opinia noastr\u0103.<\/p>\n<p>Asigurarea rezonabil\u0103 reprezint\u0103 un nivel ridicat de asigurare, dar nu este o garan\u021bie a faptului c\u0103 un audit desf\u0103\u015furat \u00een conformitate cu ISAurile va detecta \u00eentotdeauna o denaturare semnificativ\u0103, dac\u0103 aceasta exist\u0103. Denatur\u0103rile pot fi cauzate fie de fraud\u0103, fie de eroare \u015fi sunt considerate semnificative dac\u0103 se poate preconiza, \u00een mod rezonabil, c\u0103 acestea, individual sau cumulat, vor\u00a0influen\u0163a\u00a0deciziile\u00a0economice\u00a0ale\u00a0utilizatorilor, luate \u00een baza acestor situa\u0163ii financiare.<\/p>\n<p>6.2. Ca parte a unui audit \u00een conformitate cu Standardele Interna\u021bionale de Audit, exercit\u0103m ra\u021bionamentul profesional \u015fi men\u021binem scepticismul profesional pe parcursul auditului. De asemenea:<\/p>\n<ul>\n<li>Identific\u0103m \u015fi evalu\u0103m riscurile de denaturare semnificativ\u0103 a situa\u021biilor financiare cauzate fie de fraud\u0103, fie de eroare, proiect\u0103m \u015fi execut\u0103m proceduri de audit ca r\u0103spuns la respectivele riscuri \u015fi ob\u021binem probe de audit suficiente \u015fi adecvate pentru a furniza o baz\u0103 pentru opinia noastr\u0103 . Riscul de nedetectare a unei denatur\u0103ri semnificative cauzate de fraud\u0103 este mai ridicat dec\u00e2t cel de nedetectare a unei denatur\u0103ri semnificative cauzate de eroare, deoarece frauda poate presupune \u00een\u021belegeri secrete, fals, omisiuni inten\u021bionate, declara\u021bii false \u015fi evitarea controlului intern.<\/li>\n<\/ul>\n<ul>\n<li>\u00cen\u021belegem controlul intern relevant pentru audit, \u00een vederea proiect\u0103rii de proceduri de audit adecvate circumstan\u021belor, dar f\u0103r\u0103 aavea scopul de a exprima o opinie asupra eficacit\u0103\u021bii controlului intern al Companiei.<\/li>\n<li>Evalu\u0103m gradul de adecvare a politicilor contabile utilizate \u015fi caracterul rezonabil al estim\u0103rilor contabile \u015fi al prezent\u0103rilor aferente de informa\u021bii realizate de conducere.<\/li>\n<\/ul>\n<p>Formul\u0103m o concluzie cu privire la gradul de adecvare a utiliz\u0103rii de c\u0103tre conducere a contabilit\u0103\u021bii pe baza continuit\u0103\u021bii activit\u0103\u021bii \u015fi determin\u0103m, pe baza probelor de audit ob\u021binute, dac\u0103 exist\u0103 o incertitudine semnificativ\u0103 cu privire la evenimente sau condi\u021bii care ar putea genera \u00eendoieli semnificative privind capacitatea Companiei de a-\u015fi continua activitatea. \u00cen cazul \u00een care concluzion\u0103m c\u0103 exist\u0103 o incertitudine semnificativ\u0103, trebuie s\u0103 atragem aten\u021bia \u00een raportul auditorului asupra prezent\u0103rilor\u00a0aferente din situa\u021biile financiare sau, \u00een cazul \u00een\u00a0care\u00a0aceste prezent\u0103ri\u00a0sunt neadecvate,\u00a0s\u0103 modific\u0103m opinia.<\/p>\n<ul>\n<li>Concluziile noastre se bazeaz\u0103 pe probele de audit ob\u021binute p\u00e2n\u0103 la data raportului auditorului. Cu toate acestea, evenimente sau condi\u021bii viitoare pot determina Compania s\u0103 nu \u00ee\u015fi mai desf\u0103\u015foare activitatea \u00een baza principiului continuit\u0103\u021bii activit\u0103\u021bii.<\/li>\n<li>Evalu\u0103m prezentarea, structura \u015fi con\u021binutul general alsitua\u021biilor financiare \u015fi Bilan\u021bului specific pentru anul 2024, inclusiv informa\u0163iile prezentate, \u015fi dac\u0103 Situa\u0163iile Financiare \u015fi Bilan\u021bul specific reprezint\u0103 tranzac\u0163iile \u015fi evenimentele care stau la baz\u0103, \u00eentr-un mod care realizeaz\u0103 prezentarea corect\u0103, inclusiv al prezent\u0103rilor de informa\u021bii, \u015fi m\u0103sura \u00een care situa\u021biile financiare reflect\u0103 tranzac\u021biile \u015fi evenimentele care stau la baza acestora \u00eentr-o manier\u0103 care s\u0103 ofere o prezentare fidel\u0103.<\/li>\n<\/ul>\n<p>6.3. Comunic\u0103m persoanelor responsabile cu guvernan\u021ba, printre alte aspecte,\u00a0principalele constat\u0103ri ale auditului, inclusiv orice deficien\u021be\u00a0semnificative\u00a0ale\u00a0controlului intern, pe care le identific\u0103m pe parcursul auditului.<\/p>\n<p>6.4. Din aspectele comunicate persoanelor responsabile cu guvernan\u021ba, noi le extragem pe cele care au fost cele mai relevante \u00een auditul situa\u021biilor financiare aferente perioadei curente \u015fi sunt, astfel, aspecte-cheie ale auditului. Descriem aceste aspecte \u00een raportul auditorului, cu excep\u021bia cazului \u00een care legea sau reglement\u0103rile interzic dezv\u0103luirea public\u0103 a aspectului respectiv sau dac\u0103, \u00een cazuri extrem de rare, stabilim c\u0103 un aspect nu trebuie comunicat \u00een raportul nostru, deoarece se a\u015fteapt\u0103 \u00een mod rezonabil c\u0103 interesul public este mai mic dec\u00e2t consecin\u021bele negative\u00a0ale unei\u00a0astfel de\u00a0comunic\u0103ri.<\/p>\n<p>&nbsp;<\/p>\n<p><strong><b>VII. Alte informa\u021bii<\/b><\/strong><\/p>\n<p>Conducerea este responsabil\u0103 pentru alte informa\u021bii.<\/p>\n<p>Opinia noastr\u0103 de audit asupra situa\u021biilor financiare nu\u00a0acoper\u0103\u00a0alte\u00a0informa\u021bii\u00a0\u0219i nu\u00a0exprim\u0103m nici o form\u0103 de concluzie de\u00a0asigurare\u00a0asupra\u00a0acestora.<\/p>\n<p>\u00cen leg\u0103tur\u0103 cu auditul efectuat de noi asupra situa\u021biilor financiare , responsabilitatea noastr\u0103 este de a citi aceste alte informa\u021bii \u0219i, f\u0103c\u00eend acest lucru, de a analiza dac\u0103<\/p>\n<p>acestea nu sunt \u00een concordan\u021b\u0103 , \u00een mod semnificativ , cu situa\u021biile financiare sau cuno\u0219tin\u021bele pe care le-am ob\u021binut \u00een urma auditului sau dac\u0103 acestea par s\u0103 includ\u0103 erori semnificative. Dac\u0103, \u00een baza activit\u0103\u021bii desf\u0103\u0219urate,\u00a0 ajungem la concluzia c\u0103 exist\u0103 erori semnificative cu privire la aceste alte informa\u021bii, noi trebuie s\u0103 raport\u0103m acest lucru. Nu avem nimic de raportat \u00een acest sens.<\/p>\n<p>&nbsp;<\/p>\n<p>&nbsp;<\/p>\n<p><strong>Partenerul misiunii de audit:<\/strong><\/p>\n<p><strong>Stela DARII<\/strong><\/p>\n<p><strong>Auditor Licen\u0163iat<\/strong><\/p>\n<p><strong>Certificat ser.AG nr.000158 din 08.02.2008\u00a0Nr.\u00eenregistrare 0802158<\/strong><\/p>\n<p><strong>\u201eAUDIT LEDGER\u201d S.R.L.<\/strong><\/p>\n<p>&nbsp;<\/p>\n<p>&nbsp;<\/p>\n<p><strong>Digitally signed by Darii\u00a0Stela<\/strong><\/p>\n<p><strong>Date: 2025.05.28\u00a016:38:56 EEST<\/strong><\/p>\n<p><strong>Reason: MoldSign\u00a0Signature<\/strong><\/p>\n<p><strong>Location: Moldova<\/strong><\/p>\n<p><strong>MOLDOVA EUROPEAN\u0102<\/strong><\/p>\n<p>&nbsp;<\/p>\n<p>&nbsp;<\/p>\n<p>Num\u0103rul individual 2401137 din registrul public al entit\u0103\u0163ilor de audit.<\/p>\n<p>&nbsp;<\/p>\n<p>Cu titlu de concluzie, este necesar de men\u021bionat c\u0103\u00a0orice\u00a0situa\u021bii\u00a0financiare\u00a0auditate\u00a0au elemente menite s\u0103 creasc\u0103 \u00eencrederea \u00een datele furnizate\u00a0de management,\u00a0ori,\u00a0\u00een\u00a0\u00a0cele din urm\u0103, utilizatorii raportului de audit pretind la credibilitate adus\u0103\u00a0situa\u021biilor\u00a0\u00a0financiare, iar auditorii ofer\u0103 aceast\u0103 credibilitate.<\/p>\n<p>&nbsp;<\/p>\n<p>28.05.2025<\/p>\n<p>&nbsp;<\/p>\n<p>Raport auditor independent 2024 \u2013 O.C.N. \u00abAXIOMA CREDIT\u00bb S.R.L. (PDF)<\/p>","protected":false},"excerpt":{"rendered":"<p>RAPORTUL AUDITORULUI INDEPENDENT A SITUA\u021aIILOR FINANCIARE O.C.N. \u201eAXIOMA CREDIT\u201d S.R.L. 01.01.2024-31.12.2024 &nbsp; Opinie cu rezerve Noi am exercitat auditul Situa\u0163iilor Financiare ale O.C.N. \u201eAXIOMACREDIT\u201d S.R.L. \u00a0(IDNO 1014600016225) , care cuprind Bilan\u0163ul la data de 31 decembrie 2024, \u015fi Situa\u0163ia de Profit \u015fi Pierdere, Situa\u0163ia Modific\u0103rilor Capitalului Propriu \u015fi Situa\u0163ia Fluxurilor de Numerar aferente exerci\u0163iului \u00eencheiat [&hellip;]<\/p>\n","protected":false},"author":1,"featured_media":0,"parent":0,"menu_order":0,"comment_status":"closed","ping_status":"closed","template":"","meta":{"inline_featured_image":false,"footnotes":""},"class_list":["post-577","page","type-page","status-publish","hentry"],"_links":{"self":[{"href":"https:\/\/gincredit.md\/ru\/wp-json\/wp\/v2\/pages\/577","targetHints":{"allow":["GET"]}}],"collection":[{"href":"https:\/\/gincredit.md\/ru\/wp-json\/wp\/v2\/pages"}],"about":[{"href":"https:\/\/gincredit.md\/ru\/wp-json\/wp\/v2\/types\/page"}],"author":[{"embeddable":true,"href":"https:\/\/gincredit.md\/ru\/wp-json\/wp\/v2\/users\/1"}],"replies":[{"embeddable":true,"href":"https:\/\/gincredit.md\/ru\/wp-json\/wp\/v2\/comments?post=577"}],"version-history":[{"count":6,"href":"https:\/\/gincredit.md\/ru\/wp-json\/wp\/v2\/pages\/577\/revisions"}],"predecessor-version":[{"id":621,"href":"https:\/\/gincredit.md\/ru\/wp-json\/wp\/v2\/pages\/577\/revisions\/621"}],"wp:attachment":[{"href":"https:\/\/gincredit.md\/ru\/wp-json\/wp\/v2\/media?parent=577"}],"curies":[{"name":"wp","href":"https:\/\/api.w.org\/{rel}","templated":true}]}}