{"id":579,"date":"2026-04-03T10:06:42","date_gmt":"2026-04-03T10:06:42","guid":{"rendered":"https:\/\/gincredit.md\/?page_id=579"},"modified":"2026-04-03T14:11:16","modified_gmt":"2026-04-03T14:11:16","slug":"informatii-precontractuale","status":"publish","type":"page","link":"https:\/\/gincredit.md\/ru\/informatii-precontractuale\/","title":{"rendered":"Informatii Precontractuale"},"content":{"rendered":"<p><\/p>\n<p>  OCN Axioma Credit SRL, c.f. 1014600016225<br \/>\n  MD-2069, Chisinau, str. Calea Iesilor 10B<br \/>\n  tel: 022 89 66 59,<br \/>\n  <a href=\"https:\/\/www.gincredit.md\" target=\"_blank\" rel=\"noopener noreferrer\">www.gincredit.md<\/a><br \/>\n  BC \u201cVictoriabank\u201d SA, Filiala Nr.26 Chisinau, c.b. VICBMD2X469<br \/>\n  IBAN: MD77VI000002224226601MDL\n<\/p>\n<h3>Informa\u0163ii standard privind creditul pentru consumatori<\/h3>\n<p>(conform Legii nr. 202 din 12.07.2013 privind contractele de credit pentru consumatori)<\/p>\n<style>\n  \/* Stil local pentru acest tabel, nu afecteaz\u0103 restul site-ului *\/\n  .ip-table {\n    width: 100%;\n    border-collapse: collapse;\n    border: 1px solid #000;\n    table-layout: fixed;\n  }\n  .ip-table col:first-child {\n    width: 28%;\n  }\n  .ip-table col:last-child {\n    width: 72%;\n  }\n  .ip-table td {\n    border: 1px solid #000;\n    padding: 6px 8px;\n    vertical-align: top;\n    font-size: 13px;\n    line-height: 1.5;\n  }\n  .ip-table .ip-section td {\n    font-weight: 700;\n    background: #f2f2f2;\n  }\n  .ip-table .ip-label {\n    font-weight: 700;\n  }\n  .ip-table p {\n    margin: 0 0 6px;\n  }\n  .ip-table p:last-child {\n    margin-bottom: 0;\n  }\n  .ip-table ul,\n  .ip-table ol {\n    margin: 0;\n    padding-left: 18px;\n  }\n  .ip-table li {\n    margin-bottom: 4px;\n  }<\/p>\n<p>  @media (max-width: 768px) {\n    .ip-table td {\n      font-size: 12px;\n      padding: 5px 6px;\n    }\n  }\n<\/style>\n<table class=\"ip-table\">\n<colgroup>\n<col>\n<col>\n  <\/colgroup>\n<tbody>\n<tr class=\"ip-section\">\n<td colspan=\"2\">1. Numele\/denumirea \u015fi datele de contact ale creditorului\/intermediarului de credit<\/td>\n<\/tr>\n<tr>\n<td class=\"ip-label\">Creditor:<\/td>\n<td>\n<p>OCN Axioma Credit SRL, c.f. 1014600016225<\/p>\n<p>MD-2069, Chisinau, str. Calea Iesilor 10B<\/p>\n<p>tel: 022 89 66 59,<br \/>\n          <a href=\"https:\/\/www.gincredit.md\" target=\"_blank\" rel=\"noopener noreferrer\">www.gincredit.md<\/a>\n        <\/p>\n<p>BC \u201cVictoriabank\u201d SA, Filiala Nr.26 Chisinau, c.b. VICBMD2X469<\/p>\n<p>IBAN: MD77VI000002224226601MDL<\/p>\n<\/td>\n<\/tr>\n<tr>\n<td class=\"ip-label\">Client:<\/td>\n<td>Dl\/Dna Nume Prenume c.f.<\/td>\n<\/tr>\n<tr class=\"ip-section\">\n<td colspan=\"2\">2. Descrierea principalelor caracteristici ale produsului de creditare<\/td>\n<\/tr>\n<tr>\n<td class=\"ip-label\">Tipul de credit<\/td>\n<td>Credit de consum &#8212; nevoie personale\/nevoi familiare<\/td>\n<\/tr>\n<tr>\n<td class=\"ip-label\">Valoarea total\u0103 a creditului:<\/td>\n<td>Suma total\u0103 pus\u0103 la dispozi\u021bie \u00een temeiul contractului de credit<\/td>\n<\/tr>\n<tr>\n<td class=\"ip-label\">Acordarea creditului<\/td>\n<td>\n<p>Creditul se acord\u0103 de c\u0103tre Creditor, \u00een termen de 1 (una) zi lucr\u0103toare bancar\u0103, din momentul<br \/>\n        \u00eencheierii Contractului de Credit \u0219i din momentul accept\u0103rii de c\u0103tre Client a Graficului de rambursare.<\/p>\n<p>Clientul suport\u0103 toate costurile \u015fi taxele impuse de c\u0103tre ter\u0163e p\u0103r\u0163i (cum ar fi b\u0103ncile,<br \/>\n        oficiile po\u015ftale, distribuitoare de numerar sau al\u0163i intermediari de plat\u0103) pentru deschiderea<br \/>\n        \u015fi men\u021binerea conturilor bancare, cardurilor bancare, sau eliberarea de numerar Clientului.<\/p>\n<p>Creditul se consider\u0103 acordat dup\u0103 ce Creditorul a efectuat o opera\u021biune de plat\u0103 din contul propriu<br \/>\n        \u00een favoarea Clientului.<\/p>\n<p>Refuzul Clientului de a accepta sau de a utiliza Creditul, dac\u0103 acesta nu \u0219i-a exercitat dreptul<br \/>\n        de revocare, nu-l scute\u0219te pe Client de obliga\u021bia de rambursare a Creditului, \u00eempreun\u0103 cu dob\u00e2nd\u0103<br \/>\n        \u0219i toate comisioanele.<\/p>\n<\/td>\n<\/tr>\n<tr>\n<td class=\"ip-label\">Condi\u021biile care reglementeaz\u0103 tragerea creditului (on-line)<\/td>\n<td>\n<p>Clientul poate solicita eliberarea unui nou credit on line, f\u0103r\u0103 a se prezenta \u00een oficiul<br \/>\n        Creditorului, dup\u0103 parcurgerea urm\u0103torilor pa\u0219i:<\/p>\n<ol>\n<li>Expedierea de la Num\u0103rul personal, indicat \u00een prezentul Contract, a unui SMS cu indicarea<br \/>\n          IDNP-ului s\u0103u prin intermediul paginii web a creditorului, cu indicarea sumei \u0219i perioadei pentru<br \/>\n          care solicit\u0103 creditul. SMS poate fi expediat \u0219i \u00een forma de mesaj prin aplica\u021biile disponibile:<br \/>\n          Viber, WhatsApp, Telegram.<\/li>\n<li>Clientul va primi un r\u0103spuns despre aprobarea creditului, sau despre alt\u0103 sum\u0103 \u0219i condi\u021bii \u00een<br \/>\n          care poate fi aprobat\u0103 cererea lui de creditare sau refuzul acord\u0103rii creditului.<\/li>\n<li>\u00cen cazul aprob\u0103rii eliber\u0103rii unui credit, Creditorul va informa Clientul despre condi\u021biile de<br \/>\n          creditare, costul creditului, graficul de plat\u0103, \u0219i va solicita confirmarea integral\u0103, f\u0103r\u0103 rezerve<br \/>\n          a acestor condi\u021bii prin expedierea c\u0103tre Creditor a unui cod, conform instruc\u021biunii din mesaj.<\/li>\n<li>\u00cen cazul accept\u0103rii \u0219i confirm\u0103rii accept\u0103rii condi\u021biilor de c\u0103tre Client, Creditorul dispune<br \/>\n          eliberarea creditului c\u0103tre Client.<\/li>\n<li>Eliberarea creditului c\u0103tre Client se face exclusiv prin transfer \u00een contul IBAN al Clientului<br \/>\n          indicat \u00een prezentul Contract sau alt cont IBAN cunoscut de c\u0103tre Creditor, sau la contul de pl\u0103\u021bi<br \/>\n          deschis la un prestator de servicii de plat\u0103 autorizat precum BPay\/RunPay\/Paynet.<\/li>\n<\/ol>\n<p>Refuzul Clientului de a accepta sau de a utiliza Creditul, dac\u0103 acesta nu \u0219i-a exercitat dreptul<br \/>\n        de revocare, nu-l scute\u0219te pe Client de obliga\u021bia de rambursare a Creditului, \u00eempreun\u0103 cu dob\u00e2nda<br \/>\n        \u0219i toate comisioanele\/costurile.<\/p>\n<\/td>\n<\/tr>\n<tr>\n<td class=\"ip-label\">Durata contractului de credit<\/td>\n<td>X luni.<\/td>\n<\/tr>\n<tr>\n<td class=\"ip-label\">Ratele \u015fi, dac\u0103 este cazul, ordinea \u00een care acestea vor fi alocate<\/td>\n<td>\n<p>Prin \u00eencheierea Contractului de Credit, Clientul \u00ee\u0219i asum\u0103 obliga\u021bia deplin\u0103 \u015fi necondi\u021bionat\u0103<br \/>\n        de a restitui suma creditului \u015fi de a pl\u0103ti c\u0103tre Creditor dob\u00e2nda, comisionul \u0219i soldul creditului<br \/>\n        \u00een conformitate cu Graficul de rambursare din Contractul de Credit.<\/p>\n<p>Toate ramburs\u0103rile trebuie s\u0103 fie executate \u00een favoarea Creditorului \u00een MDL, conform Graficului<br \/>\n        de rambursare din Contract.<\/p>\n<p>Toate ramburs\u0103rile trebuie s\u0103 fie executate cel t\u00e2rziu la data \u015fi \u00een suma indicat\u0103 \u00een Graficul<br \/>\n        de rambursare.<\/p>\n<p>Toate ramburs\u0103rile trebuie s\u0103 fie executate \u00een contul bancar al Creditorului sau prin intermediul<br \/>\n        partenerilor Creditorului, aprobat de Creditor. Lista reprezentan\u021bilor \u00eemputernici\u021bi pentru \u00eencasarea<br \/>\n        pl\u0103\u021bilor de rambursare este indicat\u0103 \u00een prezentul Contract.<\/p>\n<p>\u00cen cazul \u00eenc\u0103lc\u0103rii de c\u0103tre Client a termenelor de plat\u0103 stabilite \u00een Graficul de rambursare<br \/>\n        din Contractul de credit, ordinea de acoperire a componentelor cu sumele \u00eencasate va fi urm\u0103toarea:<br \/>\n        1. Penalitatea calculat\u0103; 2. Comisionul; 3. Dob\u00e2nda; 4. Corpul creditului; 5. Alte costuri prev\u0103zute<br \/>\n        de lege.<\/p>\n<\/td>\n<\/tr>\n<tr>\n<td class=\"ip-label\">Suma total\u0103 pe care va trebui s\u0103 o achita\u0163i<\/td>\n<td>Credit total X MDL. Reprezint\u0103 suma capitalului \u00eemprumutat plus dob\u00e2nda \u015fi costurile aferente creditului.<\/td>\n<\/tr>\n<tr class=\"ip-section\">\n<td colspan=\"2\">3. Costurile creditului<\/td>\n<\/tr>\n<tr>\n<td class=\"ip-label\">Rata dob\u00e2nzii aferente creditului<\/td>\n<td>Rata dob\u00e2nzii constituie X %.<\/td>\n<\/tr>\n<tr>\n<td class=\"ip-label\">Comision de monitorizare\/administrare<\/td>\n<td>Creditorul va percepe de la Client comision de monitorizare\/administrare \u00een m\u0103rime de p\u00e2n\u0103 la 0,04% pe zi aplicat asupra creditului eliberat.<\/td>\n<\/tr>\n<tr>\n<td class=\"ip-label\">Dob\u00e2nda anual\u0103 efectiv\u0103 (DAE)<\/td>\n<td>\n<p>DAE reprezint\u0103 X %.<\/p>\n<p>Exemplu reprezentativ:<\/p>\n<p>Valoarea \u00eemprumutului &#8212; X MDL;<br \/>\n        Durata \u00eemprumutului \u2013 X luni;<br \/>\n        Comision de monitorizare &#8212; X MDL;<br \/>\n        Dob\u00e2nd\u0103 fix\u0103 &#8212; X MDL;<br \/>\n        Valoarea total\u0103 pl\u0103tibil\u0103 de c\u0103tre consumator \u2013 X MDL.<\/p>\n<p>DAE este relevant\u0103 numai pentru compararea unor oferte similare ca valoare, structur\u0103 \u015fi perioad\u0103 de restituire.<\/p>\n<p>Pentru a calcula rapid \u0219i corect graficul de plat\u0103 \u0219i DAE utiliza\u021bi pagina web: DAE.md.<\/p>\n<\/td>\n<\/tr>\n<tr>\n<td class=\"ip-label\">Comision de monitorizare<\/td>\n<td>Creditorul va percepe de la Client comision de monitorizare \u00een m\u0103rime de p\u00e2n\u0103 la 0,04% pe zi aplicat asupra creditului eliberat.<\/td>\n<\/tr>\n<tr>\n<td class=\"ip-label\">Garan\u021bii\/fidejusiune<\/td>\n<td>Creditorul poate solicita executarea obliga\u021biilor conform contractului cu fidejusiune. Fidejusor &#8212; persoan\u0103 fizic\u0103\/juridic\u0103 care garanteaz\u0103 suplimentar, prin garan\u021bii personale, rambursarea creditului, inclusiv dob\u00e2nzi, comisioane \u0219i penalit\u0103\u021bi, prin obliga\u021bii asumate \u00een baza contractului de fidejusiune \u00eencheiat cu Creditorul.<\/td>\n<\/tr>\n<tr class=\"ip-section\">\n<td colspan=\"2\">Costuri aferente<\/td>\n<\/tr>\n<tr>\n<td class=\"ip-label\">Conturi pentru \u00eenregistrarea opera\u021biunilor<\/td>\n<td>\n<p>Comision perceput de ter\u021bi pentru debursarea\/achitarea creditului \u0219i pl\u0103\u021bilor aferente:<\/p>\n<ul>\n<li>Prin terminale de plat\u0103 QIWI, RunPay, Paynet;<\/li>\n<li>Prin utilizarea cardului bancar \u00een cabinetul personal;<\/li>\n<li>Prin utilizarea platformelor de pl\u0103\u021bi online oplata.md, paynet.md sau runpay.md;<\/li>\n<li>La orice sucursal\u0103 BC \u201eMoldova Agroindbank\u201d SA sau aplica\u021bie online\/terminale MAIB;<\/li>\n<li>La orice sucursal\u0103 BC \u201eVictoriabank\u201d SA sau BC \u201eMoldindconbank\u201d SA;<\/li>\n<li>La oficiile Po\u0219ta Moldovei;<\/li>\n<li>Transfer la contul bancar sau la contul de card: BC \u201eMoldova Agroindbank\u201d SA, BC \u201eVictoriabank\u201d SA sau BC \u201eMoldindconbank\u201d SA.<\/li>\n<\/ul>\n<p>Comision pentru transfer perceput de OCN \u201cAxiomaCredit\u201d SRL &#8212; 0%, \u00eens\u0103 banca unde deservi\u021bi contul poate percepe o tax\u0103 pentru creditarea sumei, \u00een conformitate cu tarifele b\u0103ncii emitente.<\/p>\n<p>Ter\u021bii sau intermediarii de pl\u0103\u021bi pot percepe comisioane pentru \u00eencasarea \u0219i eliberarea sumelor, \u00eens\u0103 acestea nu sunt incluse \u00een costul total al creditului deoarece sunt costuri externe, care nu sunt cunoscute de Creditor.<\/p>\n<\/td>\n<\/tr>\n<tr>\n<td class=\"ip-label\">Costuri \u00een caz de \u00eent\u00e2rziere la plat\u0103<\/td>\n<td>\n<p>Dac\u0103 Debitorul nu efectueaz\u0103 rambursarea deplin\u0103 conform Graficului de rambursare sau \u00een cazul \u00een care se constat\u0103 c\u0103 datele prezentate de Debitor, precum \u0219i alte date esen\u021biale care stau la baza execut\u0103rii Contractului de Credit sunt \u00een \u00eentregime sau par\u021bial incomplete sau false, Creditorul are dreptul de a rezilia Contractul de Credit imediat, cu efect deplin.<\/p>\n<p>Toate ramburs\u0103rile stabilite \u00een Graficul de rambursare devin imediat scadente \u015fi urmeaz\u0103 s\u0103 fie pl\u0103tite.<\/p>\n<p>Dac\u0103 Debitorul nu efectueaz\u0103 toate Ramburs\u0103rile \u00een termen de 30 zile calendaristice din data primirii Notific\u0103rii de rezolu\u021biune, Creditorul are dreptul, la propria sa discre\u021bie, s\u0103 ini\u021bieze ac\u021biuni \u00een instan\u021bele de judecat\u0103 competente sau s\u0103 apeleze la serviciile companiilor de colectare a datoriilor.<\/p>\n<p>Plata penalit\u0103\u021bilor nu exonereaz\u0103 Debitorul de \u00eendeplinirea obliga\u021biilor care decurg din Contractul de Credit \u015fi nu limiteaz\u0103 dreptul Creditorului de a \u00eentreprinde alte m\u0103suri pentru protec\u021bia drepturilor sale.<\/p>\n<p>Creditorul este \u00een drept s\u0103 v\u00e2nd\u0103, s\u0103 transfere, s\u0103 cesioneze crean\u021ba debitorului, sau altfel s\u0103 dispun\u0103, \u00een tot sau \u00een parte, de drepturile \u015fi\/sau obliga\u021biile care \u00eei revin \u00een baza Contractului de Credit. Succesorii P\u0103r\u0163ilor vor prelua at\u00e2t drepturile, c\u00e2t \u015fi obliga\u021biile p\u0103r\u021bii respective din Contractul de Credit. \u00cen aceste condi\u021bii, Debitorul va executa presta\u021bia sa \u00een beneficiul Creditorului nou.<\/p>\n<\/td>\n<\/tr>\n<tr class=\"ip-section\">\n<td colspan=\"2\">4. Alte aspecte juridice importante<\/td>\n<\/tr>\n<tr>\n<td class=\"ip-label\">Dreptul de revocare<\/td>\n<td>\n<p>Clientul are dreptul la revocare.<\/p>\n<p>\u00cen cazul de revocare, Clientul trebuie s\u0103 adreseze c\u0103tre Creditor o notificare necondi\u021bionat\u0103 \u015fi irevocabil\u0103, privind revocarea, \u00een termen ce nu dep\u0103\u0219e\u0219te 14 (paisprezece) zile calendaristice din data \u00eencheierii Contractului de Credit.<\/p>\n<p>\u00cen cazul de revocare, Debitorul trebuie s\u0103 ramburseze, \u00eentr-un termen ce nu dep\u0103\u0219e\u0219te 30 (treizeci) de zile calendaristice de la trimiterea notific\u0103rii de revocare c\u0103tre Creditor, suma Creditului pl\u0103tit\u0103 de c\u0103tre Creditor Debitorului \u0219i dob\u00e2nda aferent\u0103 acestuia, calculat\u0103 de la data c\u00e2nd suma Creditului a fost pl\u0103tit\u0103 Debitorului \u0219i p\u00e2n\u0103 la data ramburs\u0103rii integrale.<\/p>\n<\/td>\n<\/tr>\n<tr>\n<td class=\"ip-label\">Rambursare anticipat\u0103<\/td>\n<td>\n<p>Clientul are dreptul la rambursarea anticipat\u0103 total\u0103 sau par\u021bial\u0103 a creditului \u00een orice moment.<\/p>\n<p>\u00cen cazul ramburs\u0103rii anticipate a creditului, creditorul este \u00eendrept\u0103\u021bit la o compensa\u021bie \u00een m\u0103rime de 1% din valoarea creditului rambursat anticipat, dac\u0103 perioada de timp dintre rambursarea anticipat\u0103 \u0219i rezilierea convenit\u0103 a contractului este mai mare de un an, iar dac\u0103 aceast\u0103 perioad\u0103 este mai mic\u0103 de un an, compensa\u021bia va constitui 0,5%.<\/p>\n<\/td>\n<\/tr>\n<tr>\n<td class=\"ip-label\">Consultarea unei baze de date<\/td>\n<td>\n<p>Creditorul are dreptul s\u0103 acceseze informa\u021bii despre istoria creditar\u0103, con\u021binut\u0103 \u00een birourile istoriilor de credit, a b\u0103ncilor, a Companiilor de Colectare a Datoriilor sau a altor structuri similare.<\/p>\n<p>Creditorul va informa imediat \u015fi gratuit Clientul despre rezultatul consult\u0103rii unei baze de date \u00een cazul \u00een care cererea de creditare este respins\u0103 \u00een baza acestei consult\u0103ri. Acest lucru nu se aplic\u0103 \u00een cazul \u00een care furnizarea unor astfel de informa\u021bii este interzis\u0103 prin lege sau contravine obiectivelor de ordine public\u0103 sau de securitate public\u0103.<\/p>\n<\/td>\n<\/tr>\n<tr>\n<td class=\"ip-label\">Dreptul la un proiect de contract de credit<\/td>\n<td>\n<p>Clientul are dreptul, la cerere, s\u0103 ob\u0163in\u0103 gratuit un exemplar al proiectului de contract de credit.<\/p>\n<p>Aceast\u0103 dispozi\u021bie nu se aplic\u0103 \u00een cazul \u00een care, \u00een momentul cererii, creditorul nu dore\u0219te s\u0103 \u00eencheie contractul de credit cu Clientul.<\/p>\n<\/td>\n<\/tr>\n<tr>\n<td class=\"ip-label\">Perioada de timp pe parcursul c\u0103reia creditorul este \u0163inut s\u0103-\u0219i respecte obliga\u0163iile precontractuale<\/td>\n<td>Aceast\u0103 informa\u021bie este valabil\u0103 de la semnarea contractului de credit nebancar \u0219i p\u00e2n\u0103 la \u00eencetarea\/rezolu\u021biunea acestuia \u0219i executarea (dac\u0103 \u00een contractul de credit nu va fi prev\u0103zut altfel).<\/td>\n<\/tr>\n<tr class=\"ip-section\">\n<td colspan=\"2\">5. Informa\u0163ii suplimentare care trebuie oferite \u00een cazul comercializ\u0103rii la distan\u0163\u0103 a serviciilor financiare<\/td>\n<\/tr>\n<tr class=\"ip-section\">\n<td colspan=\"2\">a) referitoare la creditor<\/td>\n<\/tr>\n<tr>\n<td class=\"ip-label\">\u00cenregistrare<\/td>\n<td>\n<p>OCN Axioma Credit SRL, c.f. 1014600016225<br \/>\n        MD-2069, Chisinau, str. Calea Iesilor 10B<br \/>\n        tel. 022 89 66 59,<br \/>\n        <a href=\"https:\/\/www.axiomacredit.md\" target=\"_blank\" rel=\"noopener noreferrer\">www.axiomacredit.md<\/a><\/p>\n<p>\u00cenregistrat\u0103 \u00een registrul OCN conform Hot\u0103r\u00e2rii CNPF nr.011 din 14.01.2019.<\/p>\n<p>OCN AxiomaCredit este operator de prelucrare a datelor cu caracter personal, \u00eenregistrat la Centrul Na\u021bional pentru Protec\u021bia Datelor cu Caracter Personal cu num\u0103r de \u00eenregistrare 0000179 \u0219i are dreptul de a exercita toate drepturile care rezult\u0103 din aceast\u0103 calitate.<\/p>\n<\/td>\n<\/tr>\n<tr>\n<td class=\"ip-label\">Autoritatea de supraveghere<\/td>\n<td>\n<p>Comisia Na\u021bional\u0103 a Pie\u021bei Financiare, bd. \u0218tefan cel Mare \u0219i Sf\u00e2nt nr.77, mun. Chi\u0219in\u0103u, MD 2012,<br \/>\n        email: <u>office@cnpf.md<\/u>, telefonul consumatorului 022 85-95-95<\/p>\n<\/td>\n<\/tr>\n<tr class=\"ip-section\">\n<td colspan=\"2\">b) referitoare la contractul de credit<\/td>\n<\/tr>\n<tr>\n<td class=\"ip-label\">Legea luat\u0103 de creditor ca baz\u0103<\/td>\n<td>\n<p>1) Legea nr. 202 din 12.07.2013 privind contractele de credit pentru consumatori;<\/p>\n<p>2) Legea nr. 157 din 18.07.2014 despre \u00eencheierea \u0219i executarea contractelor la distan\u021b\u0103 privind serviciile financiare de consum;<\/p>\n<p>3) Codul Civil al Republicii Moldova.<\/p>\n<\/td>\n<\/tr>\n<tr>\n<td class=\"ip-label\">Clauza care precizeaz\u0103 legisla\u021bia aplicabil\u0103 \u015fi\/sau instan\u0163a competent\u0103<\/td>\n<td>Legisla\u021bia aplicabil\u0103 contractului de credit nebancar este legisla\u021bia Republicii Moldova, iar instan\u021bele competente sunt instan\u021bele judec\u0103tore\u0219ti ale Republicii Moldova sau Tribunalul Arbitral din Republica Moldova.<\/td>\n<\/tr>\n<tr>\n<td class=\"ip-label\">Regimul lingvistic<\/td>\n<td>Informa\u0163iile \u015fi termenii contractuali se vor furniza \u00een limba rom\u00e2n\u0103. Cu consim\u021b\u0103m\u00e2ntul dumneavoastr\u0103, inten\u0163ion\u0103m s\u0103 comunic\u0103m \u00een limba rom\u00e2n\u0103 pe durata contractului de credit.<\/td>\n<\/tr>\n<tr class=\"ip-section\">\n<td colspan=\"2\">c) referitoare la c\u0103i de atac<\/td>\n<\/tr>\n<tr>\n<td class=\"ip-label\">Procedur\u0103 extrajudiciar\u0103 de contestare \u0219i cale de atac<\/td>\n<td>Disensiunile care apar \u00een perioada execut\u0103rii prevederilor Contractului de credit nebancar se solu\u021bioneaz\u0103 de c\u0103tre p\u0103r\u021bi pe cale amiabil\u0103, prin mediere, iar \u00een cazul \u00een care nu vor putea fi rezolvate astfel, acestea vor fi solu\u021bionate de c\u0103tre instan\u021ba de judecat\u0103 competent\u0103 a RM.<\/td>\n<\/tr>\n<\/tbody>\n<\/table>\n<p><\/p>","protected":false},"excerpt":{"rendered":"<p>OCN Axioma Credit SRL, c.f. 1014600016225 MD-2069, Chisinau, str. Calea Iesilor 10B tel: 022 89 66 59, www.gincredit.md BC \u201cVictoriabank\u201d SA, Filiala Nr.26 Chisinau, c.b. VICBMD2X469 IBAN: MD77VI000002224226601MDL Informa\u0163ii standard privind creditul pentru consumatori (conform Legii nr. 202 din 12.07.2013 privind contractele de credit pentru consumatori) 1. Numele\/denumirea \u015fi datele de contact ale creditorului\/intermediarului de [&hellip;]<\/p>\n","protected":false},"author":1,"featured_media":0,"parent":0,"menu_order":0,"comment_status":"closed","ping_status":"closed","template":"","meta":{"inline_featured_image":false,"footnotes":""},"class_list":["post-579","page","type-page","status-publish","hentry"],"_links":{"self":[{"href":"https:\/\/gincredit.md\/ru\/wp-json\/wp\/v2\/pages\/579","targetHints":{"allow":["GET"]}}],"collection":[{"href":"https:\/\/gincredit.md\/ru\/wp-json\/wp\/v2\/pages"}],"about":[{"href":"https:\/\/gincredit.md\/ru\/wp-json\/wp\/v2\/types\/page"}],"author":[{"embeddable":true,"href":"https:\/\/gincredit.md\/ru\/wp-json\/wp\/v2\/users\/1"}],"replies":[{"embeddable":true,"href":"https:\/\/gincredit.md\/ru\/wp-json\/wp\/v2\/comments?post=579"}],"version-history":[{"count":6,"href":"https:\/\/gincredit.md\/ru\/wp-json\/wp\/v2\/pages\/579\/revisions"}],"predecessor-version":[{"id":599,"href":"https:\/\/gincredit.md\/ru\/wp-json\/wp\/v2\/pages\/579\/revisions\/599"}],"wp:attachment":[{"href":"https:\/\/gincredit.md\/ru\/wp-json\/wp\/v2\/media?parent=579"}],"curies":[{"name":"wp","href":"https:\/\/api.w.org\/{rel}","templated":true}]}}