{"id":583,"date":"2026-04-03T10:07:00","date_gmt":"2026-04-03T10:07:00","guid":{"rendered":"https:\/\/gincredit.md\/?page_id=583"},"modified":"2026-04-03T14:50:50","modified_gmt":"2026-04-03T14:50:50","slug":"extras-din-registrul-de-stat-al-persoanelor-juridice","status":"publish","type":"page","link":"https:\/\/gincredit.md\/ru\/extras-din-registrul-de-stat-al-persoanelor-juridice\/","title":{"rendered":"Extras din Registrul de stat al persoanelor juridice"},"content":{"rendered":"<p><span style=\"color: #000000;\">O.C.N. \u201eAXIOMA CREDIT\u201d S.R.L. este \u00eenregistrat\u0103 \u00een Registrul de stat al persoanelor juridice al Republicii Moldova cu IDNO 1014600016225, av\u00e2nd sediul \u00een mun. Chi\u0219in\u0103u, str. Calea Ie\u0219ilor 10, \u0219i capital social de 1 000 000 lei.<\/span><\/p>\n<p>&nbsp;<\/p>\n<p><span style=\"color: #000000;\">Documentul de mai jos reprezint\u0103 extrasul oficial nr. 202432 din 13.02.2026, eliberat de I.P. \u201eAgen\u021bia Servicii Publice\u201d, care confirm\u0103 forma juridic\u0103, genurile de activitate (acordare de credite nebancare \u0219i leasing financiar), administratorul, asociatul \u0219i beneficiarul efectiv ai companiei.<\/span><\/p>\n<p><img loading=\"lazy\" decoding=\"async\" class=\"alignnone size-medium wp-image-600\" src=\"https:\/\/gincredit.md\/wp-content\/uploads\/2026\/04\/extras-din-registrul-de-stat-al-persoanelor-juridice-10-1-2_00-212x300.png\" alt=\"\" width=\"212\" height=\"300\" srcset=\"https:\/\/gincredit.md\/wp-content\/uploads\/2026\/04\/extras-din-registrul-de-stat-al-persoanelor-juridice-10-1-2_00-212x300.png 212w, https:\/\/gincredit.md\/wp-content\/uploads\/2026\/04\/extras-din-registrul-de-stat-al-persoanelor-juridice-10-1-2_00-724x1024.png 724w, https:\/\/gincredit.md\/wp-content\/uploads\/2026\/04\/extras-din-registrul-de-stat-al-persoanelor-juridice-10-1-2_00-768x1086.png 768w, https:\/\/gincredit.md\/wp-content\/uploads\/2026\/04\/extras-din-registrul-de-stat-al-persoanelor-juridice-10-1-2_00-1086x1536.png 1086w, https:\/\/gincredit.md\/wp-content\/uploads\/2026\/04\/extras-din-registrul-de-stat-al-persoanelor-juridice-10-1-2_00-1448x2048.png 1448w, https:\/\/gincredit.md\/wp-content\/uploads\/2026\/04\/extras-din-registrul-de-stat-al-persoanelor-juridice-10-1-2_00.png 1587w\" sizes=\"auto, (max-width: 212px) 100vw, 212px\" \/><\/p>\n","protected":false},"excerpt":{"rendered":"<p>O.C.N. \u201eAXIOMA CREDIT\u201d S.R.L. este \u00eenregistrat\u0103 \u00een Registrul de stat al persoanelor juridice al Republicii Moldova cu IDNO 1014600016225, av\u00e2nd sediul \u00een mun. Chi\u0219in\u0103u, str. Calea Ie\u0219ilor 10, \u0219i capital social de 1 000 000 lei. &nbsp; Documentul de mai jos reprezint\u0103 extrasul oficial nr. 202432 din 13.02.2026, eliberat de I.P. \u201eAgen\u021bia Servicii Publice\u201d, care [&hellip;]<\/p>\n","protected":false},"author":1,"featured_media":0,"parent":0,"menu_order":0,"comment_status":"closed","ping_status":"closed","template":"","meta":{"inline_featured_image":false,"footnotes":""},"class_list":["post-583","page","type-page","status-publish","hentry"],"_links":{"self":[{"href":"https:\/\/gincredit.md\/ru\/wp-json\/wp\/v2\/pages\/583","targetHints":{"allow":["GET"]}}],"collection":[{"href":"https:\/\/gincredit.md\/ru\/wp-json\/wp\/v2\/pages"}],"about":[{"href":"https:\/\/gincredit.md\/ru\/wp-json\/wp\/v2\/types\/page"}],"author":[{"embeddable":true,"href":"https:\/\/gincredit.md\/ru\/wp-json\/wp\/v2\/users\/1"}],"replies":[{"embeddable":true,"href":"https:\/\/gincredit.md\/ru\/wp-json\/wp\/v2\/comments?post=583"}],"version-history":[{"count":3,"href":"https:\/\/gincredit.md\/ru\/wp-json\/wp\/v2\/pages\/583\/revisions"}],"predecessor-version":[{"id":602,"href":"https:\/\/gincredit.md\/ru\/wp-json\/wp\/v2\/pages\/583\/revisions\/602"}],"wp:attachment":[{"href":"https:\/\/gincredit.md\/ru\/wp-json\/wp\/v2\/media?parent=583"}],"curies":[{"name":"wp","href":"https:\/\/api.w.org\/{rel}","templated":true}]}}